{"id":11,"date":"2007-10-12T19:40:24","date_gmt":"2007-10-12T17:40:24","guid":{"rendered":"http:\/\/web119.kent.kundenserver42.de\/wp\/?page_id=11"},"modified":"2015-01-03T22:48:00","modified_gmt":"2015-01-03T21:48:00","slug":"impressum","status":"publish","type":"page","link":"https:\/\/www.lraschke.de\/?page_id=11","title":{"rendered":"Impressum"},"content":{"rendered":"<p>Inhaltlich Verantwortlicher gem\u00e4\u00df 10 Absatz 3 MDStV: Lutz Raschke<\/p>\n<p><strong>Inhalte:<\/strong><br \/>\nDer Betreiber \u00fcbernimmt keinerlei Gew\u00e4hr f\u00fcr die Aktualit\u00e4t, Korrektheit, Vollst\u00e4ndigkeit oder Qualit\u00e4t der bereitgestellten Informationen. Haftungsanspr\u00fcche gegen den Betreiber, welche sich auf Sch\u00e4den materieller oder ideeller Art beziehen, die durch die Nutzung oder Nichtnutzung der dargebotenen Informationen bzw. durch die Nutzung fehlerhafter und unvollst\u00e4ndiger Informationen verursacht wurden, sind grunds\u00e4tzlich ausgeschlossen, sofern seitens des Betreibers kein nachweislich vors\u00e4tzliches oder grob fahrl\u00e4ssiges Verschulden vorliegt.<br \/>\nAlle Angebote sind freibleibend und unverbindlich. Der Betreiber beh\u00e4lt es sich ausdr\u00fccklich vor, Teile der Seiten oder das gesamte Angebot ohne gesonderte Ank\u00fcndigung zu ver\u00e4ndern, zu erg\u00e4nzen, zu l\u00f6schen oder die Ver\u00f6ffentlichung zeitweise oder endg\u00fcltig einzustellen.<\/p>\n<p><strong>Benutzergenerierte Inhalte:<\/strong><br \/>\nAuf dieser Webseite ist es m\u00f6glich, dass Seitenbesucher (Nutzer) Inhalte einstellen, z.B. durch Kommentare im G\u00e4stebuch oder zu Beitr\u00e4gen. Dabei gelten folgende Bedingungen:<\/p>\n<ul type=\"disc\">\n<li>Der Nutzer darf keine Informationen mit rechtswidrigen Inhalten einstellen oder auf solche verweisen. Hierzu z\u00e4hlen insbesondere Informationen und Darstellungen, die Gewaltt\u00e4tigkeiten, den sexuellen Missbrauch von Kindern oder sexuelle Handlungen von Menschen und Tieren zum Gegenstand haben (\u00a7 184 Abs. 3 StGB), die unter das Gesetz zum Schutz vor jugendgef\u00e4hrdenden Schriften fallen oder offensichtlich geeignet sind, Kinder und Jugendliche sittlich schwer zu gef\u00e4hrden oder in ihrem Wohl zu beeintr\u00e4chtigen, die verfassungsfeindliche Symbole beinhalten oder f\u00fcr eine verbotene Organisation werben, den Krieg verherrlichen oder die Menschenw\u00fcrde verletzen, die zum Rassenhass aufstacheln oder grausame oder sonst unmenschliche Gewaltt\u00e4tigkeiten gegen Menschen in einer Art schildern, die eine Verharmlosung oder Verherrlichung solcher Gewaltt\u00e4tigkeiten ausdr\u00fcckt.<\/li>\n<\/ul>\n<ul type=\"disc\">\n<li>Die nationalen und internationalen Urheberrechte sind vom Nutzer zu beachten. Der Nutzer haftet alleine f\u00fcr von ihm zu verantwortende vors\u00e4tzliche oder fahrl\u00e4ssige Verletzung von Urheberrechten. Der Betreiber \u00fcbernimmt f\u00fcr die Verletzung von Urheberrechten durch den Nutzer keine Verantwortung.<\/li>\n<\/ul>\n<ul type=\"disc\">\n<li>Die Verwendung und\/oder Ver\u00f6ffentlichung von Text- und\/oder Bildmaterial, welches dem Betreiber von Dritten zur Verf\u00fcgung gestellt wird, erfolgt ausschlie\u00dflich unter der Ma\u00dfgabe, dass diese \u00fcber die entsprechenden Nutzungsrechte verf\u00fcgen. Eine besondere Pr\u00fcfung durch den Betreiber erfolgt daher i.d.R. nicht, die honorarfreie Nutzung gilt f\u00fcr die Ver\u00f6ffentlichung als ausdr\u00fccklich vereinbart, sofern nicht schriftlich mit dem Betreiber etwas anderes festgelegt wurde.<\/li>\n<\/ul>\n<ul type=\"disc\">\n<li>Der Nutzer stellt den Betreiber von allen Anspr\u00fcchen Dritter frei, die wegen der Verletzung von Rechten Dritter oder wegen gesetz- oder vertragswidrigen Verhaltens des Nutzers gegen den Betreiber geltend gemacht werden k\u00f6nnen.<\/li>\n<\/ul>\n<ul type=\"disc\">\n<li>Mit der Einstellung von Inhalten erteilt der Nutzer dem Betreiber das Recht, diese Inhalte zeitlich und r\u00e4umlich unbeschr\u00e4nkt verbreiten, zu \u00e4ndern, zu ver\u00f6ffentlichen oder in sonstiger Weise zu verarbeiten. Dies beinhaltet auch das Recht, die eingestellten Inhalte in andere Inhalte jeder Form zu integrieren und zu Werbezwecken f\u00fcr die Webseite zu nutzen.<\/li>\n<\/ul>\n<ul type=\"disc\">\n<li>Jeder Nutzer ist verantwortlich f\u00fcr die von ihm eingestellten Inhalte. Er haftet bei Verletzungen gegen\u00fcber Dritten selbst und unmittelbar.<\/li>\n<\/ul>\n<p>Bitte beachten Sie als Nutzer, dass alle von Ihnen \u00f6ffentlich eingestellten Beitr\u00e4ge auch f\u00fcr jeden zug\u00e4nglich sind. Sie sollten vor dem Einstellen sorgf\u00e4ltig pr\u00fcfen, ob Ihr Beitrag Inhalte enth\u00e4lt, die sie nicht ver\u00f6ffentlichen wollen. Durch Suchmaschinen k\u00f6nnten diese Inhalte weltweit gefunden werden.<\/p>\n<p><strong>Links:<\/strong><br \/>\nIm Zusammenhang mit der Nutzung von Verweisen auf andere Webseiten (sog. \u201cHyperlinks\u201d) gilt: Der Betreiber ist nicht verantwortlich f\u00fcr die Inhalte fremder Seiten, die \u00fcber einen Link erreicht werden. Die auf den verlinkten Seiten wiedergegebenen Meinungs\u00e4u\u00dferungen und\/oder Tatsachenbehauptungen liegen allein in der Verantwortung des jeweiligen Autors und spiegeln nicht die Meinung des Betreibers wider.<br \/>\nDer Betreiber erkl\u00e4rt ausdr\u00fccklich, dass nach seinem Kenntnisstand zum Zeitpunkt der Linksetzung keine illegalen Inhalte auf den zu verlinkenden Seiten erkennbar waren. Der Betreiber hat keinerlei Einfluss auf die aktuelle und zuk\u00fcnftige Gestaltung und auf die Inhalte der verlinkten\/verkn\u00fcpften Seiten. Deshalb distanziert er sich hiermit ausdr\u00fccklich von s\u00e4mtlichen Inhalten aller gelinkten\/verkn\u00fcpften Seiten, die nach der Linksetzung ver\u00e4ndert wurden.<br \/>\nDiese Feststellung gilt f\u00fcr alle innerhalb des eigenen Internetangebotes gesetzten Links und Verweise, sowie f\u00fcr Fremdeintr\u00e4ge in vom Betreiber eingerichteten G\u00e4steb\u00fcchern, Diskussionsforen, Blogkommentare und Mailinglisten. F\u00fcr illegale, fehlerhafte oder unvollst\u00e4ndige Inhalte und insbesondere f\u00fcr Sch\u00e4den, die aus der Nutzung oder Nichtnutzung solcherart dargebotener Informationen entstehen, haftet allein der Anbieter der Seite, auf welche verwiesen wurde, nicht derjenige, der \u00fcber Links auf die jeweilige Ver\u00f6ffentlichung lediglich verweist.<\/p>\n<p><strong>Urheberrecht:<\/strong><br \/>\nDer Autor ist bestrebt, in allen Publikationen die Urheberrechte der verwendeten Bilder, Grafiken, Tondokumente, Videosequenzen und Texte zu beachten, von ihm selbst erstellte Bilder, Grafiken, Tondokumente, Videosequenzen und Texte zu nutzen oder auf lizenzfreie Grafiken, Tondokumente, Videosequenzen und Texte zur\u00fcckzugreifen.<br \/>\nAlle innerhalb des Internetangebotes genannten und ggf. durch Dritte gesch\u00fctzten Marken- und Warenzeichen unterliegen uneingeschr\u00e4nkt den Bestimmungen des jeweils g\u00fcltigen Kennzeichenrechts und den Besitzrechten der jeweiligen eingetragenen Eigent\u00fcmer. Allein aufgrund der blo\u00dfen Nennung ist nicht der Schluss zu ziehen, dass Markenzeichen nicht durch Rechte Dritter gesch\u00fctzt sind!<br \/>\nDas Copyright f\u00fcr ver\u00f6ffentlichte, vom Autor selbst erstellte Objekte bleibt allein beim Autor der Seiten. Eine Vervielf\u00e4ltigung oder Verwendung solcher Grafiken, Tondokumente, Videosequenzen und Texte in anderen elektronischen oder gedruckten Publikationen ist ohne ausdr\u00fcckliche Zustimmung des Autors nicht gestattet.<\/p>\n<p><strong>Datenschutz:<\/strong><br \/>\nPersonenbezogene Daten wie Nickname, Emailadresse oder Kontaktdaten, werden ohne weitere zus\u00e4tzliche Einwilligung nur zum Zweck der Bereitstellung der Funktionen der Webseite und deren Nutzung erhoben, verarbeitet und genutzt. Soweit m\u00f6glich, erfolgt die Angabe der Daten auf freiwilliger Basis.<\/p>\n<p>Bei jedem Zugriff auf die Seiten dieses Dienstes werden \u00fcber diesen Vorgang Daten in einer Protokolldatei auf dem Webserver gespeichert.<br \/>\nEs werden bei jedem Zugriff diese Daten gespeichert: IP-Adresse, Name der aufgerufenen Datei, Datum und Uhrzeit, Dateigr\u00f6\u00dfe, Statusmeldung des Webservers, ggf. Fehlermeldung, Browserinformationen, Herkunft des Aufrufs (Referrer).<br \/>\nDiese Daten sind in der Regel nicht personenbezogen. Sie lassen zwar durch die IP-Adresse einen R\u00fcckschluss auf den Internetanbieter bzw. den Rechner des Nutzers zu, aber normalerweise nicht auf die Person, die einen Zugriff auf die Webseite verursacht.<br \/>\nDie Speicherung der Zugriffsdaten dient ausschlie\u00dflich zu internen systembezogenen und statistischen Zwecken. Die Art der gespeicherten Daten kann sich aus technischen Gr\u00fcnden \u00e4ndern. Die aktuelle Zusammensetzung kann jederzeit beim Betreiber erfragt werden.<\/p>\n<p>Die f\u00fcr den Dienst eingesetzte Software nutzt \u201eCookies\u201c zur Speicherung von Informationen auf Ihrem Computer. Nur durch diese Cookies ist eine uneingeschr\u00e4nkte Benutzung m\u00f6glich.<\/p>\n<p>Der Betreiber untersagt gem. \u00a7 28 Abs. 4 und \u00a7 4 Abs. 1,2 BDSG jede Speicherung von Firmen-, Personen- und Adressdaten, die im Rahmen dieses Dienstes zug\u00e4nglich sind, ohne vorherige ausdr\u00fcckliche schriftliche Genehmigung, sowie die \u00dcbermittlung dieser Daten an Dritte (\u00a7 6 Abs. 2 und \u00a7 28 Abs. 4 BDSG). Rechtliche Schritte bei Verst\u00f6\u00dfen gegen dieses Verbot sind ausdr\u00fccklich vorbehalten.<\/p>\n<p>Der Betreiber gibt keine personenbezogenen Daten an Dritte weiter. Ausgenommen davon ist die Nutzung von Statistikdienstleistungen Dritter wie z.B. durch Google Analytics (s.u.).<\/p>\n<p><strong>Schutzrechtsverletzungen:<\/strong><br \/>\nFalls Sie vermuten, dass von dieser Website aus eines Ihrer Schutzrechte verletzt wird, teilen Sie das bitte umgehend per elektronischer Post mit, damit z\u00fcgig Abhilfe geschafft werden kann. Bitte nehmen Sie zur Kenntnis: Die zeitaufw\u00e4ndigere Einschaltung eines Anwaltes zur f\u00fcr den Betreiber kostenpflichtigen Abmahnung entspricht nicht dessen wirklichen oder mutma\u00dflichen Willen.<\/p>\n<p><strong>Rechtswirksamkeit:<\/strong><br \/>\nSofern Teile oder einzelne Formulierungen dieses Textes der geltenden Rechtslage nicht, nicht mehr oder nicht vollst\u00e4ndig entsprechen sollten, bleiben die \u00fcbrigen Teile des Dokumentes in ihrem Inhalt und ihrer G\u00fcltigkeit davon unber\u00fchrt.<\/p>\n","protected":false},"excerpt":{"rendered":"<p>Inhaltlich Verantwortlicher gem\u00e4\u00df 10 Absatz 3 MDStV: Lutz Raschke Inhalte: Der Betreiber \u00fcbernimmt keinerlei Gew\u00e4hr f\u00fcr die Aktualit\u00e4t, Korrektheit, Vollst\u00e4ndigkeit oder Qualit\u00e4t der bereitgestellten Informationen. Haftungsanspr\u00fcche gegen den Betreiber, welche sich auf Sch\u00e4den materieller oder ideeller Art beziehen, die durch &hellip; <a href=\"https:\/\/www.lraschke.de\/?page_id=11\">Weiterlesen <span class=\"meta-nav\">&rarr;<\/span><\/a><\/p>\n","protected":false},"author":2,"featured_media":0,"parent":0,"menu_order":10,"comment_status":"closed","ping_status":"closed","template":"","meta":{"footnotes":""},"class_list":["post-11","page","type-page","status-publish","hentry"],"_links":{"self":[{"href":"https:\/\/www.lraschke.de\/index.php?rest_route=\/wp\/v2\/pages\/11","targetHints":{"allow":["GET"]}}],"collection":[{"href":"https:\/\/www.lraschke.de\/index.php?rest_route=\/wp\/v2\/pages"}],"about":[{"href":"https:\/\/www.lraschke.de\/index.php?rest_route=\/wp\/v2\/types\/page"}],"author":[{"embeddable":true,"href":"https:\/\/www.lraschke.de\/index.php?rest_route=\/wp\/v2\/users\/2"}],"replies":[{"embeddable":true,"href":"https:\/\/www.lraschke.de\/index.php?rest_route=%2Fwp%2Fv2%2Fcomments&post=11"}],"version-history":[{"count":1,"href":"https:\/\/www.lraschke.de\/index.php?rest_route=\/wp\/v2\/pages\/11\/revisions"}],"predecessor-version":[{"id":178,"href":"https:\/\/www.lraschke.de\/index.php?rest_route=\/wp\/v2\/pages\/11\/revisions\/178"}],"wp:attachment":[{"href":"https:\/\/www.lraschke.de\/index.php?rest_route=%2Fwp%2Fv2%2Fmedia&parent=11"}],"curies":[{"name":"wp","href":"https:\/\/api.w.org\/{rel}","templated":true}]}}